{"id":778,"date":"2019-01-25T10:41:25","date_gmt":"2019-01-25T09:41:25","guid":{"rendered":"https:\/\/penzionpodbarancom.sk\/ubytovanie\/"},"modified":"2022-03-02T17:45:31","modified_gmt":"2022-03-02T16:45:31","slug":"szallas","status":"publish","type":"page","link":"https:\/\/penzionpodbarancom.sk\/hu\/szallas\/","title":{"rendered":"Sz\u00e1ll\u00e1s"},"content":{"rendered":"<p>[vc_row full_width=&#8221;stretch_row_content_no_spaces&#8221; equal_height=&#8221;yes&#8221;][vc_column width=&#8221;1\/2&#8243; css=&#8221;.vc_custom_1548620439857{background-color: #9b8579 !important;}&#8221;][vc_column_text el_class=&#8221;kontakt white&#8221;]<\/p>\n<p style=\"text-align: center;\">\r\n\t<div class=\"kontakt\">\r\n\t\t<h2>El\u00e9rhet\u0151s\u00e9gek<\/h2>\r\n\t\t<h3>C\u00edm<\/h3>\r\n\t\t<p>Penzi\u00f3n pod Barancom<br \/>\r\nKonsk\u00e1 93<br \/>\r\n032 05 Smre\u010dany, \u017diarska dolina<\/p>\r\n\t\t<h3>E-mail<\/h3>\r\n\t\t<p>penzion.podbarancom@gmail.com<\/p>\r\n\t\t<h3>Telefon<\/h3>\r\n\t\t<p>+421 918 701 661<\/p>\r\n\t\t<h3>GPS<\/h3>\r\n\t\t<p>49\u00b08\u201919.291\u2033N, 19\u00b043\u201910.463\u2033E<\/p>\r\n\t\t\t<\/div>\n<p>[\/vc_column_text][\/vc_column][vc_column width=&#8221;1\/2&#8243; el_class=&#8221;mapa&#8221;][vc_raw_html]JTNDaWZyYW1lJTIwc3JjJTNEJTIyaHR0cHMlM0ElMkYlMkZ3d3cuZ29vZ2xlLmNvbSUyRm1hcHMlMkZlbWJlZCUzRnBiJTNEJTIxMW0xOCUyMTFtMTIlMjExbTMlMjExZDMwMTEuMTI2NDEyMDI3MTIxJTIxMmQxOS43MTc1MTIzMTU5Mjk3NjclMjEzZDQ5LjEzODcxMTk3OTMxNTkxNCUyMTJtMyUyMTFmMCUyMTJmMCUyMTNmMCUyMTNtMiUyMTFpMTAyNCUyMTJpNzY4JTIxNGYxMy4xJTIxM20zJTIxMW0yJTIxMXMweDQ3MTU5YTBhNDg1NmI0MTUlMjUzQTB4ZDhlNjJkZjNlZTJhZDIwYiUyMTJzUGVuemklMjVDMyUyNUIzbiUyQnBvZCUyQkJhcmFuY29tJTJCJTI1MkIlMjE1ZTElMjEzbTIlMjExc3NrJTIxMnNzayUyMTR2MTU0ODYyMDMwMjUwOSUyMiUyMHdpZHRoJTNEJTIyNjAwJTIyJTIwaGVpZ2h0JTNEJTIyNDUwJTIyJTIwZnJhbWVib3JkZXIlM0QlMjIwJTIyJTIwc3R5bGUlM0QlMjJib3JkZXIlM0EwJTIyJTIwYWxsb3dmdWxsc2NyZWVuJTNFJTNDJTJGaWZyYW1lJTNF[\/vc_raw_html][\/vc_column][\/vc_row]<\/p>\n","protected":false},"excerpt":{"rendered":"<p>[vc_row full_width=&#8221;stretch_row_content_no_spaces&#8221; equal_height=&#8221;yes&#8221;][vc_column width=&#8221;1\/2&#8243; css=&#8221;.vc_custom_1548620439857{background-color: #9b8579 !important;}&#8221;][vc_column_text el_class=&#8221;kontakt white&#8221;] [\/vc_column_text][\/vc_column][vc_column width=&#8221;1\/2&#8243; el_class=&#8221;mapa&#8221;][vc_raw_html]JTNDaWZyYW1lJTIwc3JjJTNEJTIyaHR0cHMlM0ElMkYlMkZ3d3cuZ29vZ2xlLmNvbSUyRm1hcHMlMkZlbWJlZCUzRnBiJTNEJTIxMW0xOCUyMTFtMTIlMjExbTMlMjExZDMwMTEuMTI2NDEyMDI3MTIxJTIxMmQxOS43MTc1MTIzMTU5Mjk3NjclMjEzZDQ5LjEzODcxMTk3OTMxNTkxNCUyMTJtMyUyMTFmMCUyMTJmMCUyMTNmMCUyMTNtMiUyMTFpMTAyNCUyMTJpNzY4JTIxNGYxMy4xJTIxM20zJTIxMW0yJTIxMXMweDQ3MTU5YTBhNDg1NmI0MTUlMjUzQTB4ZDhlNjJkZjNlZTJhZDIwYiUyMTJzUGVuemklMjVDMyUyNUIzbiUyQnBvZCUyQkJhcmFuY29tJTJCJTI1MkIlMjE1ZTElMjEzbTIlMjExc3NrJTIxMnNzayUyMTR2MTU0ODYyMDMwMjUwOSUyMiUyMHdpZHRoJTNEJTIyNjAwJTIyJTIwaGVpZ2h0JTNEJTIyNDUwJTIyJTIwZnJhbWVib3JkZXIlM0QlMjIwJTIyJTIwc3R5bGUlM0QlMjJib3JkZXIlM0EwJTIyJTIwYWxsb3dmdWxsc2NyZWVuJTNFJTNDJTJGaWZyYW1lJTNF[\/vc_raw_html][\/vc_column][\/vc_row]<\/p>\n","protected":false},"author":1,"featured_media":0,"parent":0,"menu_order":0,"comment_status":"closed","ping_status":"closed","template":"page-ubytovanie.php","meta":[],"yoast_head":"<!-- This site is optimized with the Yoast SEO plugin v18.2 - https:\/\/yoast.com\/wordpress\/plugins\/seo\/ -->\n<meta name=\"robots\" content=\"index, follow, max-snippet:-1, max-image-preview:large, max-video-preview:-1\" \/>\n<link rel=\"canonical\" href=\"https:\/\/penzionpodbarancom.sk\/hu\/szallas\/\" \/>\n<meta property=\"og:locale\" content=\"hu_HU\" \/>\n<meta property=\"og:type\" content=\"article\" \/>\n<meta property=\"og:title\" content=\"Sz\u00e1ll\u00e1s - Penzi\u00f3n pod Barancom\" \/>\n<meta property=\"og:description\" content=\"[vc_row full_width=&#8221;stretch_row_content_no_spaces&#8221; equal_height=&#8221;yes&#8221;][vc_column width=&#8221;1\/2&#8243; css=&#8221;.vc_custom_1548620439857{background-color: #9b8579 !important;}&#8221;][vc_column_text el_class=&#8221;kontakt white&#8221;] [\/vc_column_text][\/vc_column][vc_column width=&#8221;1\/2&#8243; el_class=&#8221;mapa&#8221;][vc_raw_html]JTNDaWZyYW1lJTIwc3JjJTNEJTIyaHR0cHMlM0ElMkYlMkZ3d3cuZ29vZ2xlLmNvbSUyRm1hcHMlMkZlbWJlZCUzRnBiJTNEJTIxMW0xOCUyMTFtMTIlMjExbTMlMjExZDMwMTEuMTI2NDEyMDI3MTIxJTIxMmQxOS43MTc1MTIzMTU5Mjk3NjclMjEzZDQ5LjEzODcxMTk3OTMxNTkxNCUyMTJtMyUyMTFmMCUyMTJmMCUyMTNmMCUyMTNtMiUyMTFpMTAyNCUyMTJpNzY4JTIxNGYxMy4xJTIxM20zJTIxMW0yJTIxMXMweDQ3MTU5YTBhNDg1NmI0MTUlMjUzQTB4ZDhlNjJkZjNlZTJhZDIwYiUyMTJzUGVuemklMjVDMyUyNUIzbiUyQnBvZCUyQkJhcmFuY29tJTJCJTI1MkIlMjE1ZTElMjEzbTIlMjExc3NrJTIxMnNzayUyMTR2MTU0ODYyMDMwMjUwOSUyMiUyMHdpZHRoJTNEJTIyNjAwJTIyJTIwaGVpZ2h0JTNEJTIyNDUwJTIyJTIwZnJhbWVib3JkZXIlM0QlMjIwJTIyJTIwc3R5bGUlM0QlMjJib3JkZXIlM0EwJTIyJTIwYWxsb3dmdWxsc2NyZWVuJTNFJTNDJTJGaWZyYW1lJTNF[\/vc_raw_html][\/vc_column][\/vc_row]\" \/>\n<meta property=\"og:url\" content=\"https:\/\/penzionpodbarancom.sk\/hu\/szallas\/\" \/>\n<meta property=\"og:site_name\" content=\"Penzi\u00f3n pod Barancom\" \/>\n<meta property=\"article:modified_time\" content=\"2022-03-02T16:45:31+00:00\" \/>\n<meta property=\"og:image\" content=\"https:\/\/penzionpodbarancom.sk\/wp-content\/uploads\/2019\/02\/home-slide-01.jpg\" \/>\n\t<meta property=\"og:image:width\" content=\"1182\" \/>\n\t<meta property=\"og:image:height\" content=\"809\" \/>\n\t<meta property=\"og:image:type\" content=\"image\/jpeg\" \/>\n<meta name=\"twitter:card\" content=\"summary_large_image\" \/>\n<script type=\"application\/ld+json\" class=\"yoast-schema-graph\">{\"@context\":\"https:\/\/schema.org\",\"@graph\":[{\"@type\":\"WebSite\",\"@id\":\"https:\/\/penzionpodbarancom.sk\/#website\",\"url\":\"https:\/\/penzionpodbarancom.sk\/\",\"name\":\"Penzi\u00f3n pod Barancom\",\"description\":\"\",\"potentialAction\":[{\"@type\":\"SearchAction\",\"target\":{\"@type\":\"EntryPoint\",\"urlTemplate\":\"https:\/\/penzionpodbarancom.sk\/?s={search_term_string}\"},\"query-input\":\"required name=search_term_string\"}],\"inLanguage\":\"hu\"},{\"@type\":\"WebPage\",\"@id\":\"https:\/\/penzionpodbarancom.sk\/hu\/szallas\/#webpage\",\"url\":\"https:\/\/penzionpodbarancom.sk\/hu\/szallas\/\",\"name\":\"Sz\u00e1ll\u00e1s - Penzi\u00f3n pod Barancom\",\"isPartOf\":{\"@id\":\"https:\/\/penzionpodbarancom.sk\/#website\"},\"datePublished\":\"2019-01-25T09:41:25+00:00\",\"dateModified\":\"2022-03-02T16:45:31+00:00\",\"breadcrumb\":{\"@id\":\"https:\/\/penzionpodbarancom.sk\/hu\/szallas\/#breadcrumb\"},\"inLanguage\":\"hu\",\"potentialAction\":[{\"@type\":\"ReadAction\",\"target\":[\"https:\/\/penzionpodbarancom.sk\/hu\/szallas\/\"]}]},{\"@type\":\"BreadcrumbList\",\"@id\":\"https:\/\/penzionpodbarancom.sk\/hu\/szallas\/#breadcrumb\",\"itemListElement\":[{\"@type\":\"ListItem\",\"position\":1,\"name\":\"Home\",\"item\":\"https:\/\/penzionpodbarancom.sk\/hu\/\"},{\"@type\":\"ListItem\",\"position\":2,\"name\":\"Sz\u00e1ll\u00e1s\"}]}]}<\/script>\n<!-- \/ Yoast SEO plugin. -->","yoast_head_json":{"robots":{"index":"index","follow":"follow","max-snippet":"max-snippet:-1","max-image-preview":"max-image-preview:large","max-video-preview":"max-video-preview:-1"},"canonical":"https:\/\/penzionpodbarancom.sk\/hu\/szallas\/","og_locale":"hu_HU","og_type":"article","og_title":"Sz\u00e1ll\u00e1s - Penzi\u00f3n pod Barancom","og_description":"[vc_row full_width=&#8221;stretch_row_content_no_spaces&#8221; equal_height=&#8221;yes&#8221;][vc_column width=&#8221;1\/2&#8243; css=&#8221;.vc_custom_1548620439857{background-color: #9b8579 !important;}&#8221;][vc_column_text el_class=&#8221;kontakt white&#8221;] [\/vc_column_text][\/vc_column][vc_column width=&#8221;1\/2&#8243; el_class=&#8221;mapa&#8221;][vc_raw_html]JTNDaWZyYW1lJTIwc3JjJTNEJTIyaHR0cHMlM0ElMkYlMkZ3d3cuZ29vZ2xlLmNvbSUyRm1hcHMlMkZlbWJlZCUzRnBiJTNEJTIxMW0xOCUyMTFtMTIlMjExbTMlMjExZDMwMTEuMTI2NDEyMDI3MTIxJTIxMmQxOS43MTc1MTIzMTU5Mjk3NjclMjEzZDQ5LjEzODcxMTk3OTMxNTkxNCUyMTJtMyUyMTFmMCUyMTJmMCUyMTNmMCUyMTNtMiUyMTFpMTAyNCUyMTJpNzY4JTIxNGYxMy4xJTIxM20zJTIxMW0yJTIxMXMweDQ3MTU5YTBhNDg1NmI0MTUlMjUzQTB4ZDhlNjJkZjNlZTJhZDIwYiUyMTJzUGVuemklMjVDMyUyNUIzbiUyQnBvZCUyQkJhcmFuY29tJTJCJTI1MkIlMjE1ZTElMjEzbTIlMjExc3NrJTIxMnNzayUyMTR2MTU0ODYyMDMwMjUwOSUyMiUyMHdpZHRoJTNEJTIyNjAwJTIyJTIwaGVpZ2h0JTNEJTIyNDUwJTIyJTIwZnJhbWVib3JkZXIlM0QlMjIwJTIyJTIwc3R5bGUlM0QlMjJib3JkZXIlM0EwJTIyJTIwYWxsb3dmdWxsc2NyZWVuJTNFJTNDJTJGaWZyYW1lJTNF[\/vc_raw_html][\/vc_column][\/vc_row]","og_url":"https:\/\/penzionpodbarancom.sk\/hu\/szallas\/","og_site_name":"Penzi\u00f3n pod Barancom","article_modified_time":"2022-03-02T16:45:31+00:00","og_image":[{"width":1182,"height":809,"url":"https:\/\/penzionpodbarancom.sk\/wp-content\/uploads\/2019\/02\/home-slide-01.jpg","type":"image\/jpeg"}],"twitter_card":"summary_large_image","schema":{"@context":"https:\/\/schema.org","@graph":[{"@type":"WebSite","@id":"https:\/\/penzionpodbarancom.sk\/#website","url":"https:\/\/penzionpodbarancom.sk\/","name":"Penzi\u00f3n pod Barancom","description":"","potentialAction":[{"@type":"SearchAction","target":{"@type":"EntryPoint","urlTemplate":"https:\/\/penzionpodbarancom.sk\/?s={search_term_string}"},"query-input":"required name=search_term_string"}],"inLanguage":"hu"},{"@type":"WebPage","@id":"https:\/\/penzionpodbarancom.sk\/hu\/szallas\/#webpage","url":"https:\/\/penzionpodbarancom.sk\/hu\/szallas\/","name":"Sz\u00e1ll\u00e1s - Penzi\u00f3n pod Barancom","isPartOf":{"@id":"https:\/\/penzionpodbarancom.sk\/#website"},"datePublished":"2019-01-25T09:41:25+00:00","dateModified":"2022-03-02T16:45:31+00:00","breadcrumb":{"@id":"https:\/\/penzionpodbarancom.sk\/hu\/szallas\/#breadcrumb"},"inLanguage":"hu","potentialAction":[{"@type":"ReadAction","target":["https:\/\/penzionpodbarancom.sk\/hu\/szallas\/"]}]},{"@type":"BreadcrumbList","@id":"https:\/\/penzionpodbarancom.sk\/hu\/szallas\/#breadcrumb","itemListElement":[{"@type":"ListItem","position":1,"name":"Home","item":"https:\/\/penzionpodbarancom.sk\/hu\/"},{"@type":"ListItem","position":2,"name":"Sz\u00e1ll\u00e1s"}]}]}},"acf":[],"_links":{"self":[{"href":"https:\/\/penzionpodbarancom.sk\/hu\/wp-json\/wp\/v2\/pages\/778"}],"collection":[{"href":"https:\/\/penzionpodbarancom.sk\/hu\/wp-json\/wp\/v2\/pages"}],"about":[{"href":"https:\/\/penzionpodbarancom.sk\/hu\/wp-json\/wp\/v2\/types\/page"}],"author":[{"embeddable":true,"href":"https:\/\/penzionpodbarancom.sk\/hu\/wp-json\/wp\/v2\/users\/1"}],"replies":[{"embeddable":true,"href":"https:\/\/penzionpodbarancom.sk\/hu\/wp-json\/wp\/v2\/comments?post=778"}],"version-history":[{"count":3,"href":"https:\/\/penzionpodbarancom.sk\/hu\/wp-json\/wp\/v2\/pages\/778\/revisions"}],"predecessor-version":[{"id":1169,"href":"https:\/\/penzionpodbarancom.sk\/hu\/wp-json\/wp\/v2\/pages\/778\/revisions\/1169"}],"wp:attachment":[{"href":"https:\/\/penzionpodbarancom.sk\/hu\/wp-json\/wp\/v2\/media?parent=778"}],"curies":[{"name":"wp","href":"https:\/\/api.w.org\/{rel}","templated":true}]}}